{"id":34,"date":"2022-11-23T17:31:51","date_gmt":"2022-11-23T16:31:51","guid":{"rendered":"https:\/\/tynavesvedsku.wordpress.com\/?page_id=34"},"modified":"2022-11-23T17:31:51","modified_gmt":"2022-11-23T16:31:51","slug":"stehovani","status":"publish","type":"page","link":"https:\/\/tynavesvedsku.com\/index.php\/stehovani\/","title":{"rendered":"St\u011bhov\u00e1n\u00ed"},"content":{"rendered":"\n<h1 class=\"wp-block-heading\">P\u0159ed odjezdem<\/h1>\n\n\n\n<ul class=\"wp-block-list\">\n<li>EURES (rady, tipy, hled\u00e1n\u00ed pr\u00e1ce):&nbsp;<a href=\"https:\/\/ec.europa.eu\/eures\/public\/cs\/hints-and-tips-js\" target=\"_blank\" rel=\"noreferrer noopener\">https:\/\/ec.europa.eu\/eures<\/a><\/li>\n\n\n\n<li>Info na MPSV:&nbsp;<a href=\"https:\/\/www.mpsv.cz\/web\/cz\/zamestnavani-obcanu-cr-v-zahranici\">www.mpsv.cz\/web\/cz\/zamestnavani<\/a><\/li>\n\n\n\n<li>Voln\u00fd pohyb osob (aneb \u0160v\u00e9dsko je&nbsp;bez&nbsp;v\u00edza):&nbsp;<a href=\"https:\/\/ec.europa.eu\/social\/main.jsp?catId=25&amp;langId=cs\">https:\/\/ec.europa.eu\/social\/<\/a><\/li>\n<\/ul>\n\n\n\n<h3 class=\"wp-block-heading\">Jak je to s poji\u0161t\u011bn\u00edm (zdravotn\u00ed, soci\u00e1ln\u00ed atd.):<\/h3>\n\n\n\n<ul class=\"wp-block-list\">\n<li>VZP:&nbsp;<a href=\"https:\/\/www.vzp.cz\/pojistenci\/cestovani-a-pobyt-v-zahranici\/dlouhodoby-pobyt-v-zahranici\" target=\"_blank\" rel=\"noreferrer noopener\">https:\/\/www.vzp.cz\/pojistenci\/<\/a><\/li>\n\n\n\n<li>\u010cesk\u00e1 spr\u00e1va soci\u00e1ln\u00edho zabezpe\u010den\u00ed:&nbsp;<a href=\"https:\/\/www.cssz.cz\/web\/cz\/pobyt-a-prace-v-zahranici-obecne-informace\">https:\/\/www.cssz.cz\/web\/cz\/<\/a><\/li>\n<\/ul>\n\n\n\n<h3 class=\"wp-block-heading\">Placen\u00ed dan\u00ed:<\/h3>\n\n\n\n<ul class=\"wp-block-list\">\n<li>kde jste da\u0148ov\u00fd rezident&nbsp;<a href=\"https:\/\/europa.eu\/youreurope\/citizens\/work\/taxes\/income-taxes-abroad\/sweden\/index_en.htm\">https:\/\/europa.eu\/youreurope<\/a><\/li>\n\n\n\n<li>z\u00e1kaz dvoj\u00edho zdan\u011bn\u00ed&nbsp;<a href=\"https:\/\/ec.europa.eu\/social\/main.jsp?catId=25&amp;langId=cs\">(https:\/\/europa.eu\/youreurope<\/a><\/li>\n\n\n\n<li>v\u0161e o da\u0148ov\u00e9m p\u0159izn\u00e1n\u00ed ve \u0160v\u00e9dsku&nbsp;<a href=\"https:\/\/www.skatteverket.se\/\">https:\/\/www.skatteverket.se<\/a><\/li>\n<\/ul>\n\n\n\n<h3 class=\"wp-block-heading\">Soci\u00e1ln\u00ed zabezpe\u010den\u00ed (d\u00e1vky, poji\u0161t\u011bn\u00ed):<\/h3>\n\n\n\n<ul class=\"wp-block-list\">\n<li>pr\u00e1va a povinnosti:&nbsp;<a href=\"https:\/\/europa.eu\/youreurope\/citizens\/work\/social-security-forms\/index_cs.htm\" target=\"_blank\" rel=\"noreferrer noopener\">https:\/\/europa.eu\/youreurope<\/a><\/li>\n\n\n\n<li>p\u0159evod d\u00e1vek v nezam\u011bstnanosti z \u010cR do \u0160v\u00e9dska:&nbsp;<a href=\"https:\/\/www.uradprace.cz\/web\/cz\/co-je-pd-u1-e301-pd-u2-e303-\">https:\/\/www.uradprace.cz<\/a><\/li>\n<\/ul>\n\n\n\n<h1 class=\"wp-block-heading\">Po p\u0159\u00edjezdu do \u0160v\u00e9dska<\/h1>\n\n\n\n<h3 class=\"wp-block-heading\">Personnummer, poji\u0161\u0165ovna:<\/h3>\n\n\n\n<ul class=\"wp-block-list\">\n<li>\u00da\u0159ad pr\u00e1ce:&nbsp;<a href=\"https:\/\/www.arbetsformedlingen.se\/?fbclid=IwAR10_udzZO-CKzo39Dr7t8ThqGhyMk2vlEu4xdwYOqbfiO26h7H5LVXfUmE\" target=\"_blank\" rel=\"noreferrer noopener\">https:\/\/www.arbetsformedlingen.se\/<\/a><\/li>\n\n\n\n<li>Finan\u010dn\u00ed \u00fa\u0159ad \u2013 \u017e\u00e1dost o PN:&nbsp;<a href=\"https:\/\/www.skatteverket.se\/?fbclid=IwAR0GnEOrjHhhYjQbDB22ojLxjzfJuh0bslHOdVK4gVXypLUQIe1W-j8_L7s\" target=\"_blank\" rel=\"noreferrer noopener\">https:\/\/www.skatteverket.se\/<\/a><\/li>\n\n\n\n<li>Poji\u0161\u0165ovna (p\u0159\u00edslu\u0161nost poji\u0161t\u011bnce):&nbsp;<a href=\"https:\/\/l.facebook.com\/l.php?u=https%3A%2F%2Fwww.forsakringskassan.se%2F%3Ffbclid%3DIwAR1vUrL2Ko_KqceBgTI8dGvYO3vMmDjZKd9fjy5rZg6TThf941VX3Kkt8i4&amp;h=AT1m90Oys4lOcWzT63LVQ5JSXzeY9WKBaE6K1oiJMmoQdunhg-rPULo1sxCr62OMpxq7kTL8vAAGBQHf63Q-h5NZ77nyQlYyf-h8DPORzq9yC2Nt3p3IrjoCKc5MlQbDo3TGYg\" target=\"_blank\" rel=\"noreferrer noopener\">https:\/\/www.forsakringskassan.se\/<\/a><\/li>\n\n\n\n<li>Migra\u010dn\u00ed \u00fa\u0159ad (pro ob\u010dany EU nen\u00ed tolik d\u016fle\u017eit\u00e9):&nbsp;<a href=\"https:\/\/www.migrationsverket.se\/?fbclid=IwAR2aBXTRcG_uCW6_UxwaxI7bqzzZW7QaqTXhFi9fuImIBHjDIlzZmAtSq_c\" target=\"_blank\" rel=\"noreferrer noopener\">https:\/\/www.migrationsverket.se\/<\/a><\/li>\n<\/ul>\n\n\n\n<h3 class=\"wp-block-heading\">Vzd\u011bl\u00e1n\u00ed a \u0161v\u00e9d\u0161tina:<\/h3>\n\n\n\n<ul class=\"wp-block-list\">\n<li>SFI \u2013 registrace v m\u00edst\u011b bydli\u0161t\u011b (Google pom\u016f\u017ee: vuxenutbildning+SFI+m\u00edsto pobytu)<\/li>\n\n\n\n<li>Pravidla pro SFI na Skolverket (ve \u0161v\u00e9d\u0161tin\u011b):&nbsp;<a href=\"https:\/\/www.skolverket.se\/regler-och-ansvar\/ansvar-i-skolfragor\/ratt-till-sfi\" target=\"_blank\" rel=\"noreferrer noopener\">https:\/\/www.skolverket.se<\/a><\/li>\n\n\n\n<li>UHR \u2013 uzn\u00e1n\u00ed vzd\u011bl\u00e1n\u00ed:&nbsp;<a href=\"https:\/\/www.uhr.se\/\" target=\"_blank\" rel=\"noreferrer noopener\">https:\/\/www.uhr.se\/<\/a><\/li>\n\n\n\n<li>P\u0159ihl\u00e1\u0161ka na V\u0160:&nbsp;<a href=\"https:\/\/www.antagning.se\/se\/start\">https:\/\/www.antagning.se\/se\/start<\/a>, anglick\u00e1 mutace str\u00e1nky takt\u00e9\u017e jako&nbsp;<a href=\"https:\/\/www.universityadmissions.se\/intl\/start\">https:\/\/www.universityadmissions.se\/intl\/start<\/a><\/li>\n<\/ul>\n\n\n\n<h3 class=\"wp-block-heading\">Pro zam\u011bstnan\u00e9 ve \u0160v\u00e9dsku:<\/h3>\n\n\n\n<ul class=\"wp-block-list\">\n<li>V p\u0159\u00edpad\u011b ztr\u00e1ty zam\u011bstn\u00e1n\u00ed A-kassa:&nbsp;<a href=\"https:\/\/www.a-kassa.se\/vanliga-fr%C3%A5gor\/vad-%C3%A4r-a-kassa\">https:\/\/www.a-kassa.se<\/a><\/li>\n\n\n\n<li>Odborov\u00e9 organizace (Facket):&nbsp;<a href=\"https:\/\/www.fackligaorganisationer.se\/vad-ar-facket\" target=\"_blank\" rel=\"noreferrer noopener\">https:\/\/www.fackligaorganisationer.se<\/a><\/li>\n<\/ul>\n\n\n\n<h3 class=\"wp-block-heading\">Informace a odkazy Migra\u010dn\u00edho \u00fa\u0159adu:<\/h3>\n\n\n\n<ul class=\"wp-block-list\">\n<li><a href=\"https:\/\/www.migrationsverket.se\/English\/Private-individuals\/EU-citizens-and-long-term-residents\/Work-study-or-live-in-Sweden-for-EU-citizens.html\">https:\/\/www.migrationsverket.se<\/a><\/li>\n<\/ul>\n\n\n\n<h3 class=\"wp-block-heading\">Volby ze zahrani\u010d\u00ed<\/h3>\n\n\n\n<ul class=\"wp-block-list\">\n<li>Volby ve \u0160v\u00e9dsku bez \u0161v\u00e9dsk\u00e9ho ob\u010danstv\u00ed do Parlamentu EU a v komun\u00e1ln\u00edch \u0161v\u00e9dsk\u00fdch volb\u00e1ch&nbsp;<a href=\"https:\/\/europa.eu\/youreurope\/citizens\/residence\/elections-abroad\/index_cs.htm\" target=\"_blank\" rel=\"noreferrer noopener\">https:\/\/europa.eu<\/a><\/li>\n\n\n\n<li>volby ve \u0160v\u00e9dsku do \u010desk\u00fdch org\u00e1n\u016f (voli\u010dsk\u00fd pr\u016fkaz \u2013&nbsp;&nbsp;<a href=\"https:\/\/www.mvcr.cz\/clanek\/volby-volicske-prukazy.aspx\" target=\"_blank\" rel=\"noreferrer noopener\">https:\/\/www.mvcr.cz<\/a>, informace po vyhl\u00e1\u0161en\u00fdch volb\u00e1ch na MV \u010cR nebo MZV \u010cR)<\/li>\n<\/ul>\n\n\n\n<h3 class=\"wp-block-heading\">Kde hledat informace<\/h3>\n\n\n\n<ul class=\"wp-block-list\">\n<li>Newbie Guide to Sweden:&nbsp;<a href=\"https:\/\/www.thenewbieguide.se\/\" target=\"_blank\" rel=\"noreferrer noopener\">https:\/\/www.thenewbieguide.se\/<\/a><\/li>\n\n\n\n<li><a href=\"https:\/\/www.facebook.com\/groups\/173099860774220\/?ref=bookmarks\">FB skupina Gothenburg Career Networking Group&nbsp;<\/a>(v\u0161e pro cizince \u2013 skupinu spravuji j\u00e1)<\/li>\n<\/ul>\n","protected":false},"excerpt":{"rendered":"<p>P\u0159ed odjezdem Jak je to s poji\u0161t\u011bn\u00edm (zdravotn\u00ed, soci\u00e1ln\u00ed atd.): Placen\u00ed dan\u00ed: Soci\u00e1ln\u00ed zabezpe\u010den\u00ed (d\u00e1vky, [&hellip;]<\/p>\n","protected":false},"author":1,"featured_media":0,"parent":0,"menu_order":0,"comment_status":"closed","ping_status":"closed","template":"","meta":{"_monsterinsights_skip_tracking":false,"_monsterinsights_sitenote_active":false,"_monsterinsights_sitenote_note":"","_monsterinsights_sitenote_category":0,"footnotes":""},"class_list":["post-34","page","type-page","status-publish","hentry"],"yoast_head":"<!-- This site is optimized with the Yoast SEO plugin v27.4 - https:\/\/yoast.com\/product\/yoast-seo-wordpress\/ -->\n<title>St\u011bhov\u00e1n\u00ed - M\u016fj \u017eivot ve \u0160v\u00e9dsku<\/title>\n<meta name=\"robots\" content=\"index, follow, max-snippet:-1, max-image-preview:large, max-video-preview:-1\" \/>\n<link rel=\"canonical\" href=\"https:\/\/tynavesvedsku.com\/index.php\/stehovani\/\" \/>\n<meta property=\"og:locale\" content=\"cs_CZ\" \/>\n<meta property=\"og:type\" content=\"article\" \/>\n<meta property=\"og:title\" content=\"St\u011bhov\u00e1n\u00ed - M\u016fj \u017eivot ve \u0160v\u00e9dsku\" \/>\n<meta property=\"og:description\" content=\"P\u0159ed odjezdem Jak je to s poji\u0161t\u011bn\u00edm (zdravotn\u00ed, soci\u00e1ln\u00ed atd.): Placen\u00ed dan\u00ed: Soci\u00e1ln\u00ed zabezpe\u010den\u00ed (d\u00e1vky, [&hellip;]\" \/>\n<meta property=\"og:url\" content=\"https:\/\/tynavesvedsku.com\/index.php\/stehovani\/\" \/>\n<meta property=\"og:site_name\" content=\"M\u016fj \u017eivot ve \u0160v\u00e9dsku\" \/>\n<meta name=\"twitter:card\" content=\"summary_large_image\" \/>\n<meta name=\"twitter:label1\" content=\"Odhadovan\u00e1 doba \u010dten\u00ed\" \/>\n\t<meta name=\"twitter:data1\" content=\"2 minuty\" \/>\n<script type=\"application\/ld+json\" class=\"yoast-schema-graph\">{\"@context\":\"https:\\\/\\\/schema.org\",\"@graph\":[{\"@type\":\"WebPage\",\"@id\":\"https:\\\/\\\/tynavesvedsku.com\\\/index.php\\\/stehovani\\\/\",\"url\":\"https:\\\/\\\/tynavesvedsku.com\\\/index.php\\\/stehovani\\\/\",\"name\":\"St\u011bhov\u00e1n\u00ed - M\u016fj \u017eivot ve \u0160v\u00e9dsku\",\"isPartOf\":{\"@id\":\"https:\\\/\\\/tynavesvedsku.com\\\/#website\"},\"datePublished\":\"2022-11-23T16:31:51+00:00\",\"breadcrumb\":{\"@id\":\"https:\\\/\\\/tynavesvedsku.com\\\/index.php\\\/stehovani\\\/#breadcrumb\"},\"inLanguage\":\"cs\",\"potentialAction\":[{\"@type\":\"ReadAction\",\"target\":[\"https:\\\/\\\/tynavesvedsku.com\\\/index.php\\\/stehovani\\\/\"]}]},{\"@type\":\"BreadcrumbList\",\"@id\":\"https:\\\/\\\/tynavesvedsku.com\\\/index.php\\\/stehovani\\\/#breadcrumb\",\"itemListElement\":[{\"@type\":\"ListItem\",\"position\":1,\"name\":\"Home\",\"item\":\"https:\\\/\\\/tynavesvedsku.com\\\/\"},{\"@type\":\"ListItem\",\"position\":2,\"name\":\"St\u011bhov\u00e1n\u00ed\"}]},{\"@type\":\"WebSite\",\"@id\":\"https:\\\/\\\/tynavesvedsku.com\\\/#website\",\"url\":\"https:\\\/\\\/tynavesvedsku.com\\\/\",\"name\":\"M\u016fj \u017eivot ve \u0160v\u00e9dsku\",\"description\":\"Blog o \u0161v\u00e9d\u0161tin\u011b, cestov\u00e1n\u00ed a \u017eivot\u011b ve \u0160v\u00e9dsku\",\"potentialAction\":[{\"@type\":\"SearchAction\",\"target\":{\"@type\":\"EntryPoint\",\"urlTemplate\":\"https:\\\/\\\/tynavesvedsku.com\\\/?s={search_term_string}\"},\"query-input\":{\"@type\":\"PropertyValueSpecification\",\"valueRequired\":true,\"valueName\":\"search_term_string\"}}],\"inLanguage\":\"cs\"}]}<\/script>\n<!-- \/ Yoast SEO plugin. -->","yoast_head_json":{"title":"St\u011bhov\u00e1n\u00ed - M\u016fj \u017eivot ve \u0160v\u00e9dsku","robots":{"index":"index","follow":"follow","max-snippet":"max-snippet:-1","max-image-preview":"max-image-preview:large","max-video-preview":"max-video-preview:-1"},"canonical":"https:\/\/tynavesvedsku.com\/index.php\/stehovani\/","og_locale":"cs_CZ","og_type":"article","og_title":"St\u011bhov\u00e1n\u00ed - M\u016fj \u017eivot ve \u0160v\u00e9dsku","og_description":"P\u0159ed odjezdem Jak je to s poji\u0161t\u011bn\u00edm (zdravotn\u00ed, soci\u00e1ln\u00ed atd.): Placen\u00ed dan\u00ed: Soci\u00e1ln\u00ed zabezpe\u010den\u00ed (d\u00e1vky, [&hellip;]","og_url":"https:\/\/tynavesvedsku.com\/index.php\/stehovani\/","og_site_name":"M\u016fj \u017eivot ve \u0160v\u00e9dsku","twitter_card":"summary_large_image","twitter_misc":{"Odhadovan\u00e1 doba \u010dten\u00ed":"2 minuty"},"schema":{"@context":"https:\/\/schema.org","@graph":[{"@type":"WebPage","@id":"https:\/\/tynavesvedsku.com\/index.php\/stehovani\/","url":"https:\/\/tynavesvedsku.com\/index.php\/stehovani\/","name":"St\u011bhov\u00e1n\u00ed - M\u016fj \u017eivot ve \u0160v\u00e9dsku","isPartOf":{"@id":"https:\/\/tynavesvedsku.com\/#website"},"datePublished":"2022-11-23T16:31:51+00:00","breadcrumb":{"@id":"https:\/\/tynavesvedsku.com\/index.php\/stehovani\/#breadcrumb"},"inLanguage":"cs","potentialAction":[{"@type":"ReadAction","target":["https:\/\/tynavesvedsku.com\/index.php\/stehovani\/"]}]},{"@type":"BreadcrumbList","@id":"https:\/\/tynavesvedsku.com\/index.php\/stehovani\/#breadcrumb","itemListElement":[{"@type":"ListItem","position":1,"name":"Home","item":"https:\/\/tynavesvedsku.com\/"},{"@type":"ListItem","position":2,"name":"St\u011bhov\u00e1n\u00ed"}]},{"@type":"WebSite","@id":"https:\/\/tynavesvedsku.com\/#website","url":"https:\/\/tynavesvedsku.com\/","name":"M\u016fj \u017eivot ve \u0160v\u00e9dsku","description":"Blog o \u0161v\u00e9d\u0161tin\u011b, cestov\u00e1n\u00ed a \u017eivot\u011b ve \u0160v\u00e9dsku","potentialAction":[{"@type":"SearchAction","target":{"@type":"EntryPoint","urlTemplate":"https:\/\/tynavesvedsku.com\/?s={search_term_string}"},"query-input":{"@type":"PropertyValueSpecification","valueRequired":true,"valueName":"search_term_string"}}],"inLanguage":"cs"}]}},"jetpack_sharing_enabled":true,"_links":{"self":[{"href":"https:\/\/tynavesvedsku.com\/index.php\/wp-json\/wp\/v2\/pages\/34","targetHints":{"allow":["GET"]}}],"collection":[{"href":"https:\/\/tynavesvedsku.com\/index.php\/wp-json\/wp\/v2\/pages"}],"about":[{"href":"https:\/\/tynavesvedsku.com\/index.php\/wp-json\/wp\/v2\/types\/page"}],"author":[{"embeddable":true,"href":"https:\/\/tynavesvedsku.com\/index.php\/wp-json\/wp\/v2\/users\/1"}],"replies":[{"embeddable":true,"href":"https:\/\/tynavesvedsku.com\/index.php\/wp-json\/wp\/v2\/comments?post=34"}],"version-history":[{"count":0,"href":"https:\/\/tynavesvedsku.com\/index.php\/wp-json\/wp\/v2\/pages\/34\/revisions"}],"wp:attachment":[{"href":"https:\/\/tynavesvedsku.com\/index.php\/wp-json\/wp\/v2\/media?parent=34"}],"curies":[{"name":"wp","href":"https:\/\/api.w.org\/{rel}","templated":true}]}}