{"id":35,"date":"2022-11-23T17:31:52","date_gmt":"2022-11-23T16:31:52","guid":{"rendered":"https:\/\/tynavesvedsku.wordpress.com\/?page_id=35"},"modified":"2023-09-07T07:23:02","modified_gmt":"2023-09-07T07:23:02","slug":"caste-otazky","status":"publish","type":"page","link":"https:\/\/tynavesvedsku.com\/index.php\/caste-otazky\/","title":{"rendered":""},"content":{"rendered":"\n<h2 class=\"wp-block-heading\">\u0160v\u00e9d\u0161tina<\/h2>\n\n\n\n<h4 class=\"wp-block-heading\"><strong>Jak je to s kurzy \u0161v\u00e9d\u0161tiny?<\/strong><\/h4>\n\n\n\n<p>Z\u00e1kladn\u00ed kurz \u0161v\u00e9d\u0161tiny se jmenuje SFI \u2013&nbsp;<em>Svenska f\u00f6r invandrare<\/em>&nbsp;(A, B, C, D) a je zadarmo. Navazuje na n\u011b SAS \u2013&nbsp;<em>Svenska som andra spr\u00e5k<\/em>&nbsp;(grund, 1, 2, 3).&nbsp; Ka\u017ed\u00fd kurz je zakon\u010den n\u00e1rodn\u00ed zkou\u0161kou.<\/p>\n\n\n\n<h4 class=\"wp-block-heading\"><strong>D\u00e1 se nau\u010dit \u0161v\u00e9d\u0161tina online a zadarmo?<\/strong><\/h4>\n\n\n\n<p>Ano, d\u00e1. Krom\u011b r\u016fzn\u00fdch u\u010debnic lze vyu\u017e\u00edt t\u0159eba str\u00e1nky&nbsp;<a href=\"https:\/\/www.hejsvenska.se\/\" target=\"_blank\" rel=\"noreferrer noopener\">Hej svenska<\/a>&nbsp;\u010di jazykov\u00e9 aplikace&nbsp;<a href=\"https:\/\/sprakkraft.org\/\">Spr\u00e5kkraft<\/a>.<\/p>\n\n\n\n<h4 class=\"wp-block-heading\"><strong>M\u016f\u017eu studovat SFI bez personnummer?<\/strong><\/h4>\n\n\n\n<p>Ano, od roku 2015 m\u016f\u017ee ob\u010dan EU studovat bez PN. Ne v\u0161echny \u00fa\u0159ady ale maj\u00ed ve v\u011bci stejn\u00fd v\u00fdklad, nejl\u00e9pe se p\u0159i komunikaci s \u00fa\u0159ady odkazovat&nbsp;<a href=\"https:\/\/www.skolverket.se\/regler-och-ansvar\/ansvar-i-skolfragor\/ratt-till-sfi\" target=\"_blank\" rel=\"noreferrer noopener\">na aktu\u00e1ln\u00ed pravidla uveden\u00e1 na Skolverket<\/a>. Pokud komunikujete s \u00fa\u0159ady, d\u016frazn\u011b doporu\u010duji si naj\u00edt p\u0159\u00edslu\u0161n\u00e9 paragrafy a odkazovat na n\u011b. N\u011bkter\u00e9 obce v\u00e1m ale registraci nepovol\u00ed, i kdy\u017e by podle Skolverket m\u011bli.<\/p>\n\n\n\n<h4 class=\"wp-block-heading\"><strong>Pot\u0159ebujete vystudovat v\u0161echny kurzy \u0161v\u00e9d\u0161tiny, abyste sehnali pr\u00e1ci?<\/strong><\/h4>\n\n\n\n<p>Znalost \u0161v\u00e9d\u0161tiny je podm\u00ednkou pro vyd\u00e1n\u00ed n\u011bkter\u00fdch licenc\u00ed nap\u0159. pro l\u00e9ka\u0159e. V n\u011bkter\u00fdch inzer\u00e1tech, zejm\u00e9na ve ve\u0159ejn\u00e9 sf\u00e9\u0159e, m\u016f\u017eete naj\u00edt po\u017eadavek t\u0159eba na SAS 2. V soukrom\u00e9 sf\u00e9\u0159e to je v\u00edce individu\u00e1ln\u00ed.<\/p>\n\n\n\n<p>V\u00edce o tom v \u010dl\u00e1nku <a href=\"https:\/\/tynavesvedsku.com\/index.php\/2023\/09\/06\/jak-najit-praci-ve-svedsku\/\">Jak naj\u00edt pr\u00e1ci ve \u0160v\u00e9dsku<\/a>.<\/p>\n\n\n\n<h2 class=\"wp-block-heading\">Studium ve \u0160v\u00e9dsku<\/h2>\n\n\n\n<h4 class=\"wp-block-heading\"><strong>M\u016f\u017eete studovat vysokou \u0161kolu ve \u0161v\u00e9d\u0161tin\u011b?<\/strong><\/h4>\n\n\n\n<p>Ano, pokud spl\u0148ujete z\u00e1kladn\u00ed po\u017eadavky, tedy <em>grundl\u00e4ggande beh\u00f6righet<\/em>, m\u016f\u017eete se hl\u00e1sit na V\u0160. \u0160v\u00e9d\u0161tina je jedn\u00edm z po\u017eadavk\u016f pro studium ve \u0161v\u00e9d\u0161tin\u011b, a to na \u00farovni SAS 3. Studovat m\u016f\u017eete samoz\u0159ejm\u011b i v angli\u010dtin\u011b. EU ob\u010dan\u00e9 studuj\u00ed zdarma. V\u00edce informace t\u0159eba na <a href=\"https:\/\/studyinsweden.se\/\" target=\"_blank\" rel=\"noreferrer noopener\">Study in Sweden<\/a>.<\/p>\n\n\n\n<h4 class=\"wp-block-heading\"><strong>Dostanu n\u011bjak\u00fd finan\u010dn\u00ed p\u0159\u00edsp\u011bvek, kdy\u017e studuji?<\/strong><\/h4>\n\n\n\n<p>Za ur\u010dit\u00fdch podm\u00ednek ano. Pod\u00edvejte se na <a href=\"https:\/\/www.csn.se\/\" target=\"_blank\" rel=\"noreferrer noopener\">str\u00e1nku CSN<\/a>, zda podm\u00ednky spl\u0148ujete.<\/p>\n\n\n\n<h4 class=\"wp-block-heading\"><strong>Uznaj\u00ed mi vzd\u011bl\u00e1n\u00ed z \u010cR?<\/strong><\/h4>\n\n\n\n<p>Pravd\u011bpodobn\u011b ano. Nejl\u00e9pe (ale ne nezbytn\u011b) poslat hned po p\u0159\u00edjezdu svoje vysv\u011bd\u010den\u00ed a diplomy&nbsp;<a href=\"https:\/\/www.uhr.se\/\" target=\"_blank\" rel=\"noreferrer noopener\">na UHR<\/a>&nbsp;(diplomy sta\u010d\u00ed v angli\u010dtin\u011b, \u010desk\u00e9 vysv\u011bd\u010den\u00ed p\u0159elo\u017eit). \u0160v\u00e9di si va\u0161e vzd\u011bl\u00e1n\u00ed <em>p\u0159elo\u017e\u00ed<\/em> a dostanete pap\u00edr, jak \u010desk\u00e9 vzd\u011bl\u00e1n\u00ed odpov\u00edd\u00e1 \u0161v\u00e9dsk\u00e9mu. Trv\u00e1 i n\u011bkolik m\u011bs\u00edc\u016f!<\/p>\n\n\n\n<p>V\u00edce o tom v \u010dl\u00e1nku <a href=\"https:\/\/tynavesvedsku.com\/index.php\/2023\/09\/06\/jak-najit-praci-ve-svedsku\/\">Jak naj\u00edt pr\u00e1ci ve \u0160v\u00e9dsku<\/a>.<\/p>\n\n\n\n<h2 class=\"wp-block-heading\">Pr\u00e1ce ve \u0160v\u00e9dsku<\/h2>\n\n\n\n<h4 class=\"wp-block-heading\"><strong>D\u00e1 se naj\u00edt pr\u00e1ce bez znalosti \u0161v\u00e9d\u0161tiny?<\/strong><\/h4>\n\n\n\n<p>V n\u011bkter\u00fdch oborech ano (s angli\u010dtinou v IT, mezin\u00e1rodn\u00edch spole\u010dnostech, na univerzit\u011b). Bez angli\u010dtiny a \u0161v\u00e9d\u0161tiny sp\u00ed\u0161e nekvalifikovan\u00e9 pr\u00e1ce (\u00faklid). \u0160v\u00e9d\u0161tina vy\u017eadov\u00e1na u l\u00e9ka\u0159\u016f (C1 pro legitimaci), zdravotn\u00edk\u016f v\u0161eobecn\u011b, u\u010ditel\u016f, zam\u011bstnanc\u016f st\u00e1tn\u00ed spr\u00e1vy atd.<\/p>\n\n\n\n<p>V\u00edce o tom v \u010dl\u00e1nku <a href=\"https:\/\/tynavesvedsku.com\/index.php\/2023\/09\/06\/jak-najit-praci-ve-svedsku\/\">Jak naj\u00edt pr\u00e1ci ve \u0160v\u00e9dsku<\/a>.<\/p>\n\n\n\n<h4 class=\"wp-block-heading\"><strong>Zam\u011bstnaj\u00ed m\u011b bez personnummer?<\/strong><\/h4>\n\n\n\n<p>Ano, m\u016f\u017ee se to poda\u0159it, i kdy\u017e \u0160v\u00e9dov\u00e9 koukaj\u00ed ned\u016fv\u011b\u0159iv\u011b (nejste napojeni na syst\u00e9m=pr\u00e1ce nav\u00edc). Ka\u017edop\u00e1dn\u011b k zam\u011bstn\u00e1n\u00ed n\u011bkdy posta\u010d\u00ed pr\u00e1v\u011b s<em>amordningsnummer<\/em>.<\/p>\n\n\n\n<p>V\u00edce o tom v \u010dl\u00e1nku <a href=\"https:\/\/tynavesvedsku.com\/index.php\/2023\/09\/06\/jak-najit-praci-ve-svedsku\/\">Jak naj\u00edt pr\u00e1ci ve \u0160v\u00e9dsku<\/a>.<\/p>\n\n\n\n<h4 class=\"wp-block-heading\"><strong>Kde hledat pr\u00e1ci?<\/strong><\/h4>\n\n\n\n<p>Ve \u0160v\u00e9dsku je okolo 70% pozic obsazov\u00e1no p\u0159es zn\u00e1mosti. Mus\u00edte tedy rozhodit s\u00edt\u011b. Dobr\u00fd v\u00fdchoz\u00ed bod je v\u017edy <a href=\"https:\/\/arbetsformedlingen.se\/platsbanken\/\" target=\"_blank\" rel=\"noreferrer noopener\">Platsbanken na Arbetsf\u00f6rmedlingen<\/a>, tedy str\u00e1nka \u0161v\u00e9dsk\u00e9ho \u00fa\u0159adu pr\u00e1ce.<\/p>\n\n\n\n<p>V\u00edce o tom v \u010dl\u00e1nku <a href=\"https:\/\/tynavesvedsku.com\/index.php\/2023\/09\/06\/jak-najit-praci-ve-svedsku\/\">Jak naj\u00edt pr\u00e1ci ve \u0160v\u00e9dsku<\/a>.<\/p>\n\n\n\n<h4 class=\"wp-block-heading\"><strong>Kde naj\u00edt pomoc s CV, p\u0159\u00edpravou na pohovory?<\/strong><\/h4>\n\n\n\n<p>Pod\u00edvejte <a href=\"https:\/\/performontop.com\/\" target=\"_blank\" rel=\"noreferrer noopener\">se na p\u0159edn\u00e1\u0161ky<\/a>, kter\u00e9 jsme k t\u00e9matu p\u0159ipravili s na\u0161\u00ed organizac\u00ed <a href=\"https:\/\/performontop.com\/\" target=\"_blank\" rel=\"noreferrer noopener\">Perform on Top<\/a>. Arbetsf\u00f6rmedlingen m\u00e1 \u010das od \u010dasu semin\u00e1\u0159e. Tak\u00e9 existuje spousta organizac\u00ed, kter\u00e9 v\u00e1m mohou p\u0159id\u011blit mentora \u010di v\u00e1m jinak pomoci. P\u0159\u00edkladmo Nema Problema, \u00d6ppet Hus, Mitt Liv, New to Sweden, Perform on Top, Yrkesd\u00f6rren.<\/p>\n\n\n\n<p>V\u00edce o tom v \u010dl\u00e1nku <a href=\"https:\/\/tynavesvedsku.com\/index.php\/2023\/09\/06\/jak-najit-praci-ve-svedsku\/\">Jak naj\u00edt pr\u00e1ci ve \u0160v\u00e9dsku<\/a>.<\/p>\n\n\n\n<h4 class=\"wp-block-heading\"><strong>Co kdy\u017e pr\u00e1ci ztrat\u00edte?<\/strong><\/h4>\n\n\n\n<p>Hned jak budete moci, za\u010dn\u011bte si platit jednu z A-kassa. Jedn\u00e1 se o dopl\u0148uj\u00edc\u00ed poji\u0161t\u011bn\u00ed pro p\u0159\u00edpad nezam\u011bstnanosti. St\u00e1t v\u00e1m toti\u017e kryje jen z\u00e1kladn\u00ed podporu v nezam\u011bstnanosti.<\/p>\n\n\n\n<h2 class=\"wp-block-heading\">\u00da\u0159ady a administrativa<\/h2>\n\n\n\n<h4 class=\"wp-block-heading\"><strong>Jak p\u0159ev\u00e9st podporu v nezam\u011bstnanosti z \u010cR do \u0160v\u00e9dska?<\/strong><\/h4>\n\n\n\n<p>Podm\u00ednkou je n\u00e1rok na podporu v nezam\u011bstnanosti v \u010cR. Doj\u00edt se nahl\u00e1sit na \u010desk\u00fd \u00daP s pap\u00edrem o ukon\u010den\u00ed zam\u011bstn\u00e1n\u00ed. Po\u017e\u00e1dat o p\u0159evod (formul\u00e1\u0159 U2). S formul\u00e1\u0159em na \u0161v\u00e9dsk\u00fd \u00fa\u0159ad pr\u00e1ce po p\u0159\u00edjezdu \u2013 hl\u00e1sit se tam. D\u00e1vky vypl\u00e1c\u00ed \u00daP \u010cR na z\u00e1klad\u011b pokyn\u016f o va\u0161\u00ed doch\u00e1zce na \u0161v\u00e9dsk\u00e9m \u00daP. <\/p>\n\n\n\n<h4 class=\"wp-block-heading\"><strong>Co to je formul\u00e1\u0159 S1, U2?<\/strong><\/h4>\n\n\n\n<p>U2 \u2013 formul\u00e1\u0159 pro p\u0159evod d\u00e1vek. S1 \u2013 formul\u00e1\u0159 o poji\u0161t\u011bn\u00ed. <a href=\"https:\/\/www.uradprace.cz\/eures\" target=\"_blank\" rel=\"noreferrer noopener\">EURES<\/a> je dobr\u00fdm zdrojem informac\u00ed.<\/p>\n\n\n\n<h4 class=\"wp-block-heading\"><strong>Co to je personnummer (PN) a jak ho dostat?<\/strong><\/h4>\n\n\n\n<p>Obdoba na\u0161eho rodn\u00e9ho \u010d\u00edsla. Dostane ho po spln\u011bn\u00ed podm\u00ednek \u010dlov\u011bk pokud a) m\u00e1 dostate\u010dn\u00e9 finance na \u017eivot ve \u0160v\u00e9dsku, b) je zam\u011bstn\u00e1n, c) studuje del\u0161\u00ed studijn\u00ed program, d) je rodinn\u00fdm p\u0159\u00edslu\u0161n\u00edkem osoby usazen\u00e9 ve \u0160v\u00e9dsku, zkr\u00e1tka m\u00e1 d\u016fvod z\u016fstat ve \u0160v\u00e9dsku v\u00edce ne\u017e jeden rok. Bez n\u011bho je \u017eivot ve \u0160v\u00e9dsku t\u00e9m\u011b\u0159 nemo\u017en\u00fd. Pravidla a vysv\u011btlen\u00ed na&nbsp;<a href=\"https:\/\/www.skatteverket.se\/privat\/folkbokforing\/personnummerochsamordningsnummer.4.3810a01c150939e893f18c29.html\">Skatteverket<\/a>.<\/p>\n\n\n\n<h4 class=\"wp-block-heading\"><strong>Co je samordningsnummer?<\/strong><\/h4>\n\n\n\n<p>PN v leh\u010d\u00ed verzi. Slou\u017e\u00ed do\u010dasn\u011b pro kr\u00e1tkodob\u011b pob\u00fdvaj\u00edc\u00ed ve \u0160v\u00e9dsku. Pravidla a vysv\u011btlen\u00ed na&nbsp;<a href=\"https:\/\/www.skatteverket.se\/privat\/folkbokforing\/personnummerochsamordningsnummer.4.3810a01c150939e893f18c29.html\">Skatteverket<\/a>.<\/p>\n\n\n\n<h4 class=\"wp-block-heading\"><strong>D\u00e1 se zalo\u017eit \u00fa\u010det bez personnummer (PN)?<\/strong><\/h4>\n\n\n\n<p>Ano, d\u00e1. Ale bank\u00e1m se to nechce moc d\u011blat. Obvykle trv\u00e1 n\u011bkolik dn\u00ed a\u017e m\u011bs\u00edc\u016f dle banky.<\/p>\n\n\n\n<h4 class=\"wp-block-heading\"><strong>Co to je BankID a Swish?<\/strong><\/h4>\n\n\n\n<p>Bankovn\u00ed aplikace, kter\u00e9 si m\u016f\u017eete po\u0159\u00eddit po dost\u00e1n\u00ed PN. BankID \u2013 platba online, Swish \u2013 p\u0159evod z \u00fa\u010dt\u016f pomoc\u00ed telefonn\u00edho \u010d\u00edsla. <\/p>\n\n\n\n<h2 class=\"wp-block-heading\">Bydlen\u00ed<\/h2>\n\n\n\n<h4 class=\"wp-block-heading\"><strong>Jak naj\u00edt bydlen\u00ed? Kolik to stoj\u00ed?<\/strong><\/h4>\n\n\n\n<p>Ceny se velmi li\u0161\u00ed podle regionu, je t\u011b\u017ek\u00e9 tedy udat p\u0159esn\u00e9 \u010d\u00edslo. Kolik stoj\u00ed \u017eivot ve \u0160v\u00e9dsku se dozv\u00edte t\u0159eba na <a href=\"https:\/\/www.swedbank.se\/privat\/vara-kundpaket\/nyckelkund\/vad-kostar-det-att-leva.html\" target=\"_blank\" rel=\"noreferrer noopener\">str\u00e1nk\u00e1ch t\u00e9to banky<\/a>.<\/p>\n\n\n\n<h4 class=\"wp-block-heading\"><strong>Jak\u00e9 jsou formy bydlen\u00ed ve \u0160v\u00e9dsku?<\/strong><\/h4>\n\n\n\n<p>Ve \u0160v\u00e9dsku obecn\u011b plat\u00ed, \u017ee bydl\u00edte v t\u00e9 nemovitosti, ke kter\u00e9 m\u00e1te u\u017e\u00edvac\u00ed pr\u00e1vo. Nemovitost bu\u010f vlastn\u00edte sami, m\u00e1te ji v dru\u017estevn\u00edm vlastnictv\u00ed<em> (bostadsr\u00e4tt)<\/em> a nebo ji m\u00e1te pronajatou <em>(hyresr\u00e4tt)<\/em> z prvn\u00ed <em>(f\u00f6rsta hand) <\/em>\u010di druh\u00e9 ruky <em>(andra hand)<\/em>.<\/p>\n\n\n\n<h2 class=\"wp-block-heading\">Zdravotnictv\u00ed<\/h2>\n\n\n\n<p><strong>O\u0161et\u0159\u00ed m\u011b ve \u0160v\u00e9dsku bez PN?<\/strong><\/p>\n\n\n\n<p>Ud\u011blen\u00ed PN znamen\u00e1 n\u00e1rok na zdravotn\u00ed p\u00e9\u010di ve \u0160v\u00e9dsku, jste toti\u017e automaticky zdravotn\u011b poji\u0161ten\u00ed. P\u0159ed ud\u011blen\u00edm PN je t\u0159eba pokr\u00fdvat zdravotn\u00ed poji\u0161t\u011bn\u00ed s\u00e1m jin\u00fdm zp\u016fsobem &#8211; soukrom\u00e9 poji\u0161ten\u00ed nebo poji\u0161ten\u00ed v \u010cR.&nbsp;S modrou karti\u010dkou m\u00e1te n\u00e1rok na p\u00e9\u010di po cel\u00e9 EU.<\/p>\n\n\n\n<h4 class=\"wp-block-heading\"><strong>Neum\u00edm \u0161v\u00e9dsky, jak se domluv\u00edm u l\u00e9ka\u0159e?<\/strong><\/h4>\n\n\n\n<p>Celkem b\u011b\u017en\u011b lze po\u017e\u00e1dat o tlumo\u010dn\u00edka, ale v\u011bt\u0161ina zdravotn\u00edk\u016f um\u00ed anglicky.\u00a0<\/p>\n\n\n\n<h2 class=\"wp-block-heading\">Soci\u00e1ln\u00ed vy\u017eit\u00ed<\/h2>\n\n\n\n<h4 class=\"wp-block-heading\"><strong>Jak si naj\u00edt kamar\u00e1dy ve \u0160v\u00e9dsku?<\/strong><\/h4>\n\n\n\n<p>Spoustu akc\u00ed najdete na <a href=\"https:\/\/www.meetup.com\/\" target=\"_blank\" rel=\"noreferrer noopener\">MeetUp<\/a> a nebo <a href=\"https:\/\/www.internations.org\/\" target=\"_blank\" rel=\"noreferrer noopener\">Internations<\/a>. Pro \u017eeny existuje hned n\u011bkolik soci\u00e1ln\u00edch skupin, nap\u0159. <strong>Girls Gone International<\/strong> v dan\u00e9m m\u011bst\u011b. Na Facebooku jsem zalo\u017eila skupinu&nbsp;<a href=\"https:\/\/www.facebook.com\/groups\/173099860774220\/?ref=bookmarks\">Gothenburg Career Networking Group<\/a>, kter\u00e1 je pln\u00e1 odkaz\u016f pro nov\u00e1\u010dky. <\/p>\n\n\n\n<h4 class=\"wp-block-heading\"><strong>Kde narazit na \u010cechy a Slov\u00e1ky?<\/strong><\/h4>\n\n\n\n<p>\u010ce\u0161i a Slov\u00e1ci se sdru\u017euj\u00ed t\u0159eba na Facebooku ve skupin\u00e1ch \u010ce\u0161i a Slov\u00e1ci ve \u0160v\u00e9dsku nebo \u010ce\u0161i a Slov\u00e1ci ve \u0160v\u00e9dsk\u00e9m kr\u00e1lovstv\u00ed.<\/p>\n\n\n\n<h2 class=\"wp-block-heading\">Praktick\u00e9 z\u00e1le\u017eitosti<\/h2>\n\n\n\n<p><strong>M\u00e1m pr\u00e1vo na tlumo\u010dn\u00edka p\u0159i kontaktu s \u00fa\u0159ady<\/strong>?<\/p>\n\n\n\n<p>Ve \u0160v\u00e9dsku m\u00e1te p\u0159i styku s \u00fa\u0159ady pr\u00e1vo na kontaktn\u00edho tlumo\u010dn\u00edka, pokud nemluv\u00edte \u0161v\u00e9dsky a nedorozum\u00edte se ani anglicky natolik, abyste komunikovali s \u00fa\u0159ady, zdravotnick\u00fdm person\u00e1lem nebo na t\u0159\u00eddn\u00edch sch\u016fzk\u00e1ch. Informujte\u00a0instituci nebo organizaci, \u017ee pot\u0159ebujete tlumo\u010dn\u00edka a kter\u00fdm jazykem mluv\u00edte. <\/p>\n\n\n\n<h4 class=\"wp-block-heading\"><strong>M\u016f\u017eu ve \u0160v\u00e9dsku volit?<\/strong><\/h4>\n\n\n\n<p>S ob\u010danstv\u00edm EU lze s PN volit ve \u0160v\u00e9dsku ve volb\u00e1ch do Evropsk\u00e9ho parlamentu (\u0161v\u00e9dsk\u00e9 poslance, ne \u010desk\u00e9), v komun\u00e1ln\u00edch volb\u00e1ch a v obdob\u011b na\u0161ich krajsk\u00fdch voleb.&nbsp;<\/p>\n\n\n\n<h4 class=\"wp-block-heading\"><strong>Plat\u00ed m\u016fj \u010desk\u00fd \u0159idi\u010dsk\u00fd pr\u016fkaz ve \u0160v\u00e9dsku?<\/strong><\/h4>\n\n\n\n<p>Ano, po dobu jednoho roku. Obecn\u00e9 pravidlo je, \u017ee kdy\u017e tu \u017eijete d\u00e9le ne\u017e rok, vym\u011bn\u00edte ho u <a href=\"https:\/\/www.transportstyrelsen.se\/en\/road\/driving-licences\/\">Transportstyrelsen<\/a> za \u0161v\u00e9dsk\u00fd. Odkl\u00e1dat nedoporu\u010duji, vyhnete se p\u0159\u00edpadn\u00fdm debat\u00e1m s polici\u00ed.<\/p>\n\n\n\n<h4 class=\"wp-block-heading\"><strong>Kde hledat pr\u00e1vn\u00ed pomoc?<\/strong><\/h4>\n\n\n\n<p>Seznam advok\u00e1t\u016f najdete na\u00a0<a href=\"https:\/\/www.advokatsamfundet.se\/Behover-du-advokat\/Sok-advokat\/\" target=\"_blank\" rel=\"noreferrer noopener\">Advokatsamfundet<\/a>. O pr\u00e1vn\u00ed pomoc si m\u016f\u017eete \u0159\u00edci i na\u00a0<a href=\"https:\/\/lawline.se\/\" target=\"_blank\" rel=\"noreferrer noopener\">LawLine<\/a>\u00a0\u2013 poradna zdarma.<\/p>\n\n\n\n<p><strong>M\u016f\u017ee se mnou do \u0160v\u00e9dska p\u0159ijet moje dom\u00e1c\u00ed zv\u00ed\u0159e?<\/strong><\/p>\n\n\n\n<p>Ano, ale nezapome\u0148te, \u017ee mus\u00edte splnit po\u017eadavky na vzteklinov\u00e9 o\u010dkov\u00e1n\u00ed, nebo vyplnit p\u0159\u00edjezdov\u00fd formul\u00e1\u0159. Pokud nebudete m\u00edt v\u0161echny dokumenty spr\u00e1vn\u011b, celn\u00edci v\u00e1s mohou na hranic\u00edch oto\u010dit dom\u016f. <a href=\"https:\/\/www.tullverket.se\/en\/startpage\/private\/travelling\/travelling\/travellingwithanimals\/travellingwithdogsorcats.4.311bf4f016e69d6ea0d93c.html\">V\u00edce informac\u00ed na Tullverket<\/a> (Celn\u00ed spr\u00e1va).<\/p>\n\n\n\n<p><em>Posledn\u00ed aktualizace \u010dl\u00e1nku: <\/em>07.09.2023<\/p>\n","protected":false},"excerpt":{"rendered":"<p>\u0160v\u00e9d\u0161tina Jak je to s kurzy \u0161v\u00e9d\u0161tiny? Z\u00e1kladn\u00ed kurz \u0161v\u00e9d\u0161tiny se jmenuje SFI \u2013&nbsp;Svenska f\u00f6r [&hellip;]<\/p>\n","protected":false},"author":1,"featured_media":0,"parent":0,"menu_order":0,"comment_status":"closed","ping_status":"closed","template":"","meta":{"_monsterinsights_skip_tracking":false,"_monsterinsights_sitenote_active":false,"_monsterinsights_sitenote_note":"","_monsterinsights_sitenote_category":0,"footnotes":""},"class_list":["post-35","page","type-page","status-publish","hentry"],"yoast_head":"<!-- This site is optimized with the Yoast SEO plugin v27.6 - https:\/\/yoast.com\/product\/yoast-seo-wordpress\/ -->\n<title>- M\u016fj \u017eivot ve \u0160v\u00e9dsku<\/title>\n<meta name=\"description\" content=\"\u010casto kladen\u00e9 ot\u00e1zky o pr\u00e1ci, vzd\u011bl\u00e1n\u00ed, \u0161v\u00e9d\u0161tin\u011b, poji\u0161t\u011bn\u00ed, bydlen\u00ed ve \u0160v\u00e9dsku.\" \/>\n<meta name=\"robots\" content=\"index, follow, max-snippet:-1, max-image-preview:large, max-video-preview:-1\" \/>\n<link rel=\"canonical\" href=\"https:\/\/tynavesvedsku.com\/index.php\/caste-otazky\/\" \/>\n<meta property=\"og:locale\" content=\"cs_CZ\" \/>\n<meta property=\"og:type\" content=\"article\" \/>\n<meta property=\"og:title\" content=\"- M\u016fj \u017eivot ve \u0160v\u00e9dsku\" \/>\n<meta property=\"og:description\" content=\"\u010casto kladen\u00e9 ot\u00e1zky o pr\u00e1ci, vzd\u011bl\u00e1n\u00ed, \u0161v\u00e9d\u0161tin\u011b, poji\u0161t\u011bn\u00ed, bydlen\u00ed ve \u0160v\u00e9dsku.\" \/>\n<meta property=\"og:url\" content=\"https:\/\/tynavesvedsku.com\/index.php\/caste-otazky\/\" \/>\n<meta property=\"og:site_name\" content=\"M\u016fj \u017eivot ve \u0160v\u00e9dsku\" \/>\n<meta property=\"article:modified_time\" content=\"2023-09-07T07:23:02+00:00\" \/>\n<meta name=\"twitter:card\" content=\"summary_large_image\" \/>\n<meta name=\"twitter:label1\" content=\"Odhadovan\u00e1 doba \u010dten\u00ed\" \/>\n\t<meta name=\"twitter:data1\" content=\"7 minut\" \/>\n<script type=\"application\/ld+json\" class=\"yoast-schema-graph\">{\"@context\":\"https:\\\/\\\/schema.org\",\"@graph\":[{\"@type\":\"WebPage\",\"@id\":\"https:\\\/\\\/tynavesvedsku.com\\\/index.php\\\/caste-otazky\\\/\",\"url\":\"https:\\\/\\\/tynavesvedsku.com\\\/index.php\\\/caste-otazky\\\/\",\"name\":\"- M\u016fj \u017eivot ve \u0160v\u00e9dsku\",\"isPartOf\":{\"@id\":\"https:\\\/\\\/tynavesvedsku.com\\\/#website\"},\"datePublished\":\"2022-11-23T16:31:52+00:00\",\"dateModified\":\"2023-09-07T07:23:02+00:00\",\"description\":\"\u010casto kladen\u00e9 ot\u00e1zky o pr\u00e1ci, vzd\u011bl\u00e1n\u00ed, \u0161v\u00e9d\u0161tin\u011b, poji\u0161t\u011bn\u00ed, bydlen\u00ed ve \u0160v\u00e9dsku.\",\"inLanguage\":\"cs\",\"potentialAction\":[{\"@type\":\"ReadAction\",\"target\":[\"https:\\\/\\\/tynavesvedsku.com\\\/index.php\\\/caste-otazky\\\/\"]}]},{\"@type\":\"WebSite\",\"@id\":\"https:\\\/\\\/tynavesvedsku.com\\\/#website\",\"url\":\"https:\\\/\\\/tynavesvedsku.com\\\/\",\"name\":\"M\u016fj \u017eivot ve \u0160v\u00e9dsku\",\"description\":\"Blog o \u0161v\u00e9d\u0161tin\u011b, cestov\u00e1n\u00ed a \u017eivot\u011b ve \u0160v\u00e9dsku\",\"potentialAction\":[{\"@type\":\"SearchAction\",\"target\":{\"@type\":\"EntryPoint\",\"urlTemplate\":\"https:\\\/\\\/tynavesvedsku.com\\\/?s={search_term_string}\"},\"query-input\":{\"@type\":\"PropertyValueSpecification\",\"valueRequired\":true,\"valueName\":\"search_term_string\"}}],\"inLanguage\":\"cs\"}]}<\/script>\n<!-- \/ Yoast SEO plugin. -->","yoast_head_json":{"title":"- M\u016fj \u017eivot ve \u0160v\u00e9dsku","description":"\u010casto kladen\u00e9 ot\u00e1zky o pr\u00e1ci, vzd\u011bl\u00e1n\u00ed, \u0161v\u00e9d\u0161tin\u011b, poji\u0161t\u011bn\u00ed, bydlen\u00ed ve \u0160v\u00e9dsku.","robots":{"index":"index","follow":"follow","max-snippet":"max-snippet:-1","max-image-preview":"max-image-preview:large","max-video-preview":"max-video-preview:-1"},"canonical":"https:\/\/tynavesvedsku.com\/index.php\/caste-otazky\/","og_locale":"cs_CZ","og_type":"article","og_title":"- M\u016fj \u017eivot ve \u0160v\u00e9dsku","og_description":"\u010casto kladen\u00e9 ot\u00e1zky o pr\u00e1ci, vzd\u011bl\u00e1n\u00ed, \u0161v\u00e9d\u0161tin\u011b, poji\u0161t\u011bn\u00ed, bydlen\u00ed ve \u0160v\u00e9dsku.","og_url":"https:\/\/tynavesvedsku.com\/index.php\/caste-otazky\/","og_site_name":"M\u016fj \u017eivot ve \u0160v\u00e9dsku","article_modified_time":"2023-09-07T07:23:02+00:00","twitter_card":"summary_large_image","twitter_misc":{"Odhadovan\u00e1 doba \u010dten\u00ed":"7 minut"},"schema":{"@context":"https:\/\/schema.org","@graph":[{"@type":"WebPage","@id":"https:\/\/tynavesvedsku.com\/index.php\/caste-otazky\/","url":"https:\/\/tynavesvedsku.com\/index.php\/caste-otazky\/","name":"- M\u016fj \u017eivot ve \u0160v\u00e9dsku","isPartOf":{"@id":"https:\/\/tynavesvedsku.com\/#website"},"datePublished":"2022-11-23T16:31:52+00:00","dateModified":"2023-09-07T07:23:02+00:00","description":"\u010casto kladen\u00e9 ot\u00e1zky o pr\u00e1ci, vzd\u011bl\u00e1n\u00ed, \u0161v\u00e9d\u0161tin\u011b, poji\u0161t\u011bn\u00ed, bydlen\u00ed ve \u0160v\u00e9dsku.","inLanguage":"cs","potentialAction":[{"@type":"ReadAction","target":["https:\/\/tynavesvedsku.com\/index.php\/caste-otazky\/"]}]},{"@type":"WebSite","@id":"https:\/\/tynavesvedsku.com\/#website","url":"https:\/\/tynavesvedsku.com\/","name":"M\u016fj \u017eivot ve \u0160v\u00e9dsku","description":"Blog o \u0161v\u00e9d\u0161tin\u011b, cestov\u00e1n\u00ed a \u017eivot\u011b ve \u0160v\u00e9dsku","potentialAction":[{"@type":"SearchAction","target":{"@type":"EntryPoint","urlTemplate":"https:\/\/tynavesvedsku.com\/?s={search_term_string}"},"query-input":{"@type":"PropertyValueSpecification","valueRequired":true,"valueName":"search_term_string"}}],"inLanguage":"cs"}]}},"jetpack_sharing_enabled":true,"_links":{"self":[{"href":"https:\/\/tynavesvedsku.com\/index.php\/wp-json\/wp\/v2\/pages\/35","targetHints":{"allow":["GET"]}}],"collection":[{"href":"https:\/\/tynavesvedsku.com\/index.php\/wp-json\/wp\/v2\/pages"}],"about":[{"href":"https:\/\/tynavesvedsku.com\/index.php\/wp-json\/wp\/v2\/types\/page"}],"author":[{"embeddable":true,"href":"https:\/\/tynavesvedsku.com\/index.php\/wp-json\/wp\/v2\/users\/1"}],"replies":[{"embeddable":true,"href":"https:\/\/tynavesvedsku.com\/index.php\/wp-json\/wp\/v2\/comments?post=35"}],"version-history":[{"count":9,"href":"https:\/\/tynavesvedsku.com\/index.php\/wp-json\/wp\/v2\/pages\/35\/revisions"}],"predecessor-version":[{"id":595,"href":"https:\/\/tynavesvedsku.com\/index.php\/wp-json\/wp\/v2\/pages\/35\/revisions\/595"}],"wp:attachment":[{"href":"https:\/\/tynavesvedsku.com\/index.php\/wp-json\/wp\/v2\/media?parent=35"}],"curies":[{"name":"wp","href":"https:\/\/api.w.org\/{rel}","templated":true}]}}