{"id":67,"date":"2022-11-23T17:45:57","date_gmt":"2022-11-23T16:45:57","guid":{"rendered":"https:\/\/tynavesvedsku.wordpress.com\/?page_id=67"},"modified":"2023-01-06T12:51:45","modified_gmt":"2023-01-06T12:51:45","slug":"dalsi-projekty","status":"publish","type":"page","link":"https:\/\/tynavesvedsku.com\/index.php\/dalsi-projekty\/","title":{"rendered":"Dal\u0161\u00ed projekty"},"content":{"rendered":"\n<h2 class=\"wp-block-heading\">Mladiinfo \u010cR<\/h2>\n\n\n\n<p>Moje \u010dl\u00e1nky o \u0160v\u00e9dsku byly p\u016fvodn\u011b publikov\u00e1ny na Mladiinfo \u010cR, kde jsou st\u00e1le k nalezen\u00ed.<\/p>\n\n\n\n<p>Mladiinfo \u010cR je \u010desk\u00e1 organizace, kter\u00e1 se krom\u011b mezin\u00e1rodn\u00edch projekt\u016f zab\u00fdv\u00e1 osv\u011btou mlad\u00fdch lid\u00ed a podporuje jejich rozvoj.<\/p>\n\n\n\n<p>V\u00edce o <a href=\"https:\/\/www.mladiinfo.cz\/\" target=\"_blank\" rel=\"noreferrer noopener\">Mladiinfo najdete zde<\/a>.<\/p>\n\n\n\n<figure class=\"wp-block-image size-full\"><img loading=\"lazy\" decoding=\"async\" width=\"1024\" height=\"260\" src=\"https:\/\/tynavesvedsku.com\/wp-content\/uploads\/2023\/01\/logo-pruhledne.png\" alt=\"\" class=\"wp-image-465\" srcset=\"https:\/\/tynavesvedsku.com\/wp-content\/uploads\/2023\/01\/logo-pruhledne.png 1024w, https:\/\/tynavesvedsku.com\/wp-content\/uploads\/2023\/01\/logo-pruhledne-300x76.png 300w, https:\/\/tynavesvedsku.com\/wp-content\/uploads\/2023\/01\/logo-pruhledne-768x195.png 768w\" sizes=\"auto, (max-width: 1024px) 100vw, 1024px\" \/><\/figure>\n\n\n\n<h2 class=\"wp-block-heading\">Perform on Top<\/h2>\n\n\n\n<p>Perform on Top je organizace, kterou jsme zalo\u017eili s kamar\u00e1dy ve \u0160v\u00e9dsku v roce 2019. Organizace se zab\u00fdv\u00e1 informa\u010dn\u00edm servisem pro cizince, p\u0159edn\u00e1\u0161kami a vytv\u00e1\u0159en\u00edm komunity.<\/p>\n\n\n\n<p>V\u00edce o <a href=\"https:\/\/performontop.com\/\" target=\"_blank\" rel=\"noreferrer noopener\">Perform on Top najdete zde<\/a>.<\/p>\n\n\n<div class=\"wp-block-image\">\n<figure class=\"aligncenter size-full\"><img loading=\"lazy\" decoding=\"async\" width=\"469\" height=\"188\" src=\"https:\/\/tynavesvedsku.com\/wp-content\/uploads\/2023\/01\/perform.png\" alt=\"\" class=\"wp-image-462\" srcset=\"https:\/\/tynavesvedsku.com\/wp-content\/uploads\/2023\/01\/perform.png 469w, https:\/\/tynavesvedsku.com\/wp-content\/uploads\/2023\/01\/perform-300x120.png 300w\" sizes=\"auto, (max-width: 469px) 100vw, 469px\" \/><\/figure>\n<\/div>","protected":false},"excerpt":{"rendered":"<p>Mladiinfo \u010cR Moje \u010dl\u00e1nky o \u0160v\u00e9dsku byly p\u016fvodn\u011b publikov\u00e1ny na Mladiinfo \u010cR, kde jsou st\u00e1le [&hellip;]<\/p>\n","protected":false},"author":1,"featured_media":0,"parent":0,"menu_order":0,"comment_status":"closed","ping_status":"closed","template":"","meta":{"_monsterinsights_skip_tracking":false,"_monsterinsights_sitenote_active":false,"_monsterinsights_sitenote_note":"","_monsterinsights_sitenote_category":0,"footnotes":""},"class_list":["post-67","page","type-page","status-publish","hentry"],"yoast_head":"<!-- This site is optimized with the Yoast SEO plugin v27.5 - https:\/\/yoast.com\/product\/yoast-seo-wordpress\/ -->\n<title>Dal\u0161\u00ed projekty - M\u016fj \u017eivot ve \u0160v\u00e9dsku<\/title>\n<meta name=\"robots\" content=\"index, follow, max-snippet:-1, max-image-preview:large, max-video-preview:-1\" \/>\n<link rel=\"canonical\" href=\"https:\/\/tynavesvedsku.com\/index.php\/dalsi-projekty\/\" \/>\n<meta property=\"og:locale\" content=\"cs_CZ\" \/>\n<meta property=\"og:type\" content=\"article\" \/>\n<meta property=\"og:title\" content=\"Dal\u0161\u00ed projekty - M\u016fj \u017eivot ve \u0160v\u00e9dsku\" \/>\n<meta property=\"og:description\" content=\"Mladiinfo \u010cR Moje \u010dl\u00e1nky o \u0160v\u00e9dsku byly p\u016fvodn\u011b publikov\u00e1ny na Mladiinfo \u010cR, kde jsou st\u00e1le [&hellip;]\" \/>\n<meta property=\"og:url\" content=\"https:\/\/tynavesvedsku.com\/index.php\/dalsi-projekty\/\" \/>\n<meta property=\"og:site_name\" content=\"M\u016fj \u017eivot ve \u0160v\u00e9dsku\" \/>\n<meta property=\"article:modified_time\" content=\"2023-01-06T12:51:45+00:00\" \/>\n<meta property=\"og:image\" content=\"https:\/\/tynavesvedsku.com\/wp-content\/uploads\/2023\/01\/logo-pruhledne.png\" \/>\n<meta name=\"twitter:card\" content=\"summary_large_image\" \/>\n<meta name=\"twitter:label1\" content=\"Odhadovan\u00e1 doba \u010dten\u00ed\" \/>\n\t<meta name=\"twitter:data1\" content=\"1 minuta\" \/>\n<script type=\"application\/ld+json\" class=\"yoast-schema-graph\">{\"@context\":\"https:\\\/\\\/schema.org\",\"@graph\":[{\"@type\":\"WebPage\",\"@id\":\"https:\\\/\\\/tynavesvedsku.com\\\/index.php\\\/dalsi-projekty\\\/\",\"url\":\"https:\\\/\\\/tynavesvedsku.com\\\/index.php\\\/dalsi-projekty\\\/\",\"name\":\"Dal\u0161\u00ed projekty - M\u016fj \u017eivot ve \u0160v\u00e9dsku\",\"isPartOf\":{\"@id\":\"https:\\\/\\\/tynavesvedsku.com\\\/#website\"},\"primaryImageOfPage\":{\"@id\":\"https:\\\/\\\/tynavesvedsku.com\\\/index.php\\\/dalsi-projekty\\\/#primaryimage\"},\"image\":{\"@id\":\"https:\\\/\\\/tynavesvedsku.com\\\/index.php\\\/dalsi-projekty\\\/#primaryimage\"},\"thumbnailUrl\":\"https:\\\/\\\/tynavesvedsku.com\\\/wp-content\\\/uploads\\\/2023\\\/01\\\/logo-pruhledne.png\",\"datePublished\":\"2022-11-23T16:45:57+00:00\",\"dateModified\":\"2023-01-06T12:51:45+00:00\",\"breadcrumb\":{\"@id\":\"https:\\\/\\\/tynavesvedsku.com\\\/index.php\\\/dalsi-projekty\\\/#breadcrumb\"},\"inLanguage\":\"cs\",\"potentialAction\":[{\"@type\":\"ReadAction\",\"target\":[\"https:\\\/\\\/tynavesvedsku.com\\\/index.php\\\/dalsi-projekty\\\/\"]}]},{\"@type\":\"ImageObject\",\"inLanguage\":\"cs\",\"@id\":\"https:\\\/\\\/tynavesvedsku.com\\\/index.php\\\/dalsi-projekty\\\/#primaryimage\",\"url\":\"https:\\\/\\\/tynavesvedsku.com\\\/wp-content\\\/uploads\\\/2023\\\/01\\\/logo-pruhledne.png\",\"contentUrl\":\"https:\\\/\\\/tynavesvedsku.com\\\/wp-content\\\/uploads\\\/2023\\\/01\\\/logo-pruhledne.png\",\"width\":1024,\"height\":260},{\"@type\":\"BreadcrumbList\",\"@id\":\"https:\\\/\\\/tynavesvedsku.com\\\/index.php\\\/dalsi-projekty\\\/#breadcrumb\",\"itemListElement\":[{\"@type\":\"ListItem\",\"position\":1,\"name\":\"Home\",\"item\":\"https:\\\/\\\/tynavesvedsku.com\\\/\"},{\"@type\":\"ListItem\",\"position\":2,\"name\":\"Dal\u0161\u00ed projekty\"}]},{\"@type\":\"WebSite\",\"@id\":\"https:\\\/\\\/tynavesvedsku.com\\\/#website\",\"url\":\"https:\\\/\\\/tynavesvedsku.com\\\/\",\"name\":\"M\u016fj \u017eivot ve \u0160v\u00e9dsku\",\"description\":\"Blog o \u0161v\u00e9d\u0161tin\u011b, cestov\u00e1n\u00ed a \u017eivot\u011b ve \u0160v\u00e9dsku\",\"potentialAction\":[{\"@type\":\"SearchAction\",\"target\":{\"@type\":\"EntryPoint\",\"urlTemplate\":\"https:\\\/\\\/tynavesvedsku.com\\\/?s={search_term_string}\"},\"query-input\":{\"@type\":\"PropertyValueSpecification\",\"valueRequired\":true,\"valueName\":\"search_term_string\"}}],\"inLanguage\":\"cs\"}]}<\/script>\n<!-- \/ Yoast SEO plugin. -->","yoast_head_json":{"title":"Dal\u0161\u00ed projekty - M\u016fj \u017eivot ve \u0160v\u00e9dsku","robots":{"index":"index","follow":"follow","max-snippet":"max-snippet:-1","max-image-preview":"max-image-preview:large","max-video-preview":"max-video-preview:-1"},"canonical":"https:\/\/tynavesvedsku.com\/index.php\/dalsi-projekty\/","og_locale":"cs_CZ","og_type":"article","og_title":"Dal\u0161\u00ed projekty - M\u016fj \u017eivot ve \u0160v\u00e9dsku","og_description":"Mladiinfo \u010cR Moje \u010dl\u00e1nky o \u0160v\u00e9dsku byly p\u016fvodn\u011b publikov\u00e1ny na Mladiinfo \u010cR, kde jsou st\u00e1le [&hellip;]","og_url":"https:\/\/tynavesvedsku.com\/index.php\/dalsi-projekty\/","og_site_name":"M\u016fj \u017eivot ve \u0160v\u00e9dsku","article_modified_time":"2023-01-06T12:51:45+00:00","og_image":[{"url":"https:\/\/tynavesvedsku.com\/wp-content\/uploads\/2023\/01\/logo-pruhledne.png","type":"","width":"","height":""}],"twitter_card":"summary_large_image","twitter_misc":{"Odhadovan\u00e1 doba \u010dten\u00ed":"1 minuta"},"schema":{"@context":"https:\/\/schema.org","@graph":[{"@type":"WebPage","@id":"https:\/\/tynavesvedsku.com\/index.php\/dalsi-projekty\/","url":"https:\/\/tynavesvedsku.com\/index.php\/dalsi-projekty\/","name":"Dal\u0161\u00ed projekty - M\u016fj \u017eivot ve \u0160v\u00e9dsku","isPartOf":{"@id":"https:\/\/tynavesvedsku.com\/#website"},"primaryImageOfPage":{"@id":"https:\/\/tynavesvedsku.com\/index.php\/dalsi-projekty\/#primaryimage"},"image":{"@id":"https:\/\/tynavesvedsku.com\/index.php\/dalsi-projekty\/#primaryimage"},"thumbnailUrl":"https:\/\/tynavesvedsku.com\/wp-content\/uploads\/2023\/01\/logo-pruhledne.png","datePublished":"2022-11-23T16:45:57+00:00","dateModified":"2023-01-06T12:51:45+00:00","breadcrumb":{"@id":"https:\/\/tynavesvedsku.com\/index.php\/dalsi-projekty\/#breadcrumb"},"inLanguage":"cs","potentialAction":[{"@type":"ReadAction","target":["https:\/\/tynavesvedsku.com\/index.php\/dalsi-projekty\/"]}]},{"@type":"ImageObject","inLanguage":"cs","@id":"https:\/\/tynavesvedsku.com\/index.php\/dalsi-projekty\/#primaryimage","url":"https:\/\/tynavesvedsku.com\/wp-content\/uploads\/2023\/01\/logo-pruhledne.png","contentUrl":"https:\/\/tynavesvedsku.com\/wp-content\/uploads\/2023\/01\/logo-pruhledne.png","width":1024,"height":260},{"@type":"BreadcrumbList","@id":"https:\/\/tynavesvedsku.com\/index.php\/dalsi-projekty\/#breadcrumb","itemListElement":[{"@type":"ListItem","position":1,"name":"Home","item":"https:\/\/tynavesvedsku.com\/"},{"@type":"ListItem","position":2,"name":"Dal\u0161\u00ed projekty"}]},{"@type":"WebSite","@id":"https:\/\/tynavesvedsku.com\/#website","url":"https:\/\/tynavesvedsku.com\/","name":"M\u016fj \u017eivot ve \u0160v\u00e9dsku","description":"Blog o \u0161v\u00e9d\u0161tin\u011b, cestov\u00e1n\u00ed a \u017eivot\u011b ve \u0160v\u00e9dsku","potentialAction":[{"@type":"SearchAction","target":{"@type":"EntryPoint","urlTemplate":"https:\/\/tynavesvedsku.com\/?s={search_term_string}"},"query-input":{"@type":"PropertyValueSpecification","valueRequired":true,"valueName":"search_term_string"}}],"inLanguage":"cs"}]}},"jetpack_sharing_enabled":true,"_links":{"self":[{"href":"https:\/\/tynavesvedsku.com\/index.php\/wp-json\/wp\/v2\/pages\/67","targetHints":{"allow":["GET"]}}],"collection":[{"href":"https:\/\/tynavesvedsku.com\/index.php\/wp-json\/wp\/v2\/pages"}],"about":[{"href":"https:\/\/tynavesvedsku.com\/index.php\/wp-json\/wp\/v2\/types\/page"}],"author":[{"embeddable":true,"href":"https:\/\/tynavesvedsku.com\/index.php\/wp-json\/wp\/v2\/users\/1"}],"replies":[{"embeddable":true,"href":"https:\/\/tynavesvedsku.com\/index.php\/wp-json\/wp\/v2\/comments?post=67"}],"version-history":[{"count":3,"href":"https:\/\/tynavesvedsku.com\/index.php\/wp-json\/wp\/v2\/pages\/67\/revisions"}],"predecessor-version":[{"id":466,"href":"https:\/\/tynavesvedsku.com\/index.php\/wp-json\/wp\/v2\/pages\/67\/revisions\/466"}],"wp:attachment":[{"href":"https:\/\/tynavesvedsku.com\/index.php\/wp-json\/wp\/v2\/media?parent=67"}],"curies":[{"name":"wp","href":"https:\/\/api.w.org\/{rel}","templated":true}]}}